{"id":401,"date":"2016-05-10T14:48:46","date_gmt":"2016-05-10T12:48:46","guid":{"rendered":"http:\/\/fbnl-eco.de\/?page_id=401"},"modified":"2023-06-13T13:16:25","modified_gmt":"2023-06-13T11:16:25","slug":"kontakt-fuer-vorbeugung-vor-schaeden-durch-den-wolf","status":"publish","type":"page","link":"https:\/\/fbnl-eco.de\/?page_id=401","title":{"rendered":"Kontakt f\u00fcr Vorbeugung vor Sch\u00e4den durch den Wolf"},"content":{"rendered":"<p>Telefonnummer: [+49] 0151 5055 <span style=\"color: #008000;\"><em><strong>123NICHT<\/strong><\/em><\/span> 1465<br \/>\nE-Mail-Adresse: Herdenschutz<span style=\"color: #008000;\"><em><strong>ENTFERNE<\/strong><strong>N<\/strong><\/em><\/span><span style=\"color: #000000;\">@<\/span>Klausnitzer<span style=\"color: #008000;\"><em><strong>E<\/strong><strong>NTFERNEN<\/strong><\/em><\/span>.org<\/p>\n<h1>Der zum Schutz vor SPAM-Bots oben eingef\u00fcgte <span style=\"color: #008000;\"><em><strong>gr\u00fcne&nbsp;<\/strong><\/em><\/span>Text muss bei der Verwendung von Telefonnummer oder E-Mail ignoriert bzw. gel\u00f6scht werden!<\/h1>\n","protected":false},"excerpt":{"rendered":"<p>Telefonnummer: [+49] 0151 5055 123NICHT 1465 E-Mail-Adresse: HerdenschutzENTFERNEN@KlausnitzerENTFERNEN.org Der zum Schutz vor SPAM-Bots oben eingef\u00fcgte gr\u00fcne&nbsp;Text muss bei der Verwendung von Telefonnummer oder E-Mail ignoriert bzw. gel\u00f6scht werden!<\/p>\n","protected":false},"author":1,"featured_media":0,"parent":0,"menu_order":0,"comment_status":"closed","ping_status":"closed","template":"","meta":{"footnotes":""},"class_list":["post-401","page","type-page","status-publish","hentry"],"_links":{"self":[{"href":"https:\/\/fbnl-eco.de\/index.php?rest_route=\/wp\/v2\/pages\/401","targetHints":{"allow":["GET"]}}],"collection":[{"href":"https:\/\/fbnl-eco.de\/index.php?rest_route=\/wp\/v2\/pages"}],"about":[{"href":"https:\/\/fbnl-eco.de\/index.php?rest_route=\/wp\/v2\/types\/page"}],"author":[{"embeddable":true,"href":"https:\/\/fbnl-eco.de\/index.php?rest_route=\/wp\/v2\/users\/1"}],"replies":[{"embeddable":true,"href":"https:\/\/fbnl-eco.de\/index.php?rest_route=%2Fwp%2Fv2%2Fcomments&post=401"}],"version-history":[{"count":3,"href":"https:\/\/fbnl-eco.de\/index.php?rest_route=\/wp\/v2\/pages\/401\/revisions"}],"predecessor-version":[{"id":655,"href":"https:\/\/fbnl-eco.de\/index.php?rest_route=\/wp\/v2\/pages\/401\/revisions\/655"}],"wp:attachment":[{"href":"https:\/\/fbnl-eco.de\/index.php?rest_route=%2Fwp%2Fv2%2Fmedia&parent=401"}],"curies":[{"name":"wp","href":"https:\/\/api.w.org\/{rel}","templated":true}]}}