{"id":28,"date":"2015-10-28T20:04:16","date_gmt":"2015-10-28T19:04:16","guid":{"rendered":"http:\/\/sachsen-natur.de\/FbNL\/?page_id=28"},"modified":"2021-01-10T09:44:23","modified_gmt":"2021-01-10T08:44:23","slug":"links-2","status":"publish","type":"page","link":"https:\/\/fbnl-eco.de\/?page_id=28","title":{"rendered":"Links"},"content":{"rendered":"<table border=\"1\" cellspacing=\"1\" cellpadding=\"1\">\n<tbody>\n<tr>\n<td align=\"center\" width=\"520\" height=\"20\">Naturerleben und Fotografie, erstklassige Fotos, Naturf\u00fchrungen<\/td>\n<td align=\"center\" width=\"300\" height=\"20\"><a title=\"Naturerleben &amp; Fotografie\" href=\"http:\/\/www.photos-nature.de\/\" target=\"_blank\" rel=\"noopener noreferrer\">http:\/\/www.photos-nature.de\/<\/a><\/td>\n<\/tr>\n<tr>\n<td align=\"center\" width=\"520\" height=\"20\">Rezensionen zu naturwissenschaftlichen, naturschutzfachlichen und popul\u00e4ren Themen<\/td>\n<td align=\"center\" width=\"300\" height=\"20\"><a title=\"Rezensionen\" href=\"http:\/\/www.sachsen-natur.de\/rezension.php\" target=\"_blank\" rel=\"noopener noreferrer\">http:\/\/www.sachsen-natur.de\/rezension.php<\/a><\/td>\n<\/tr>\n<tr>\n<td align=\"center\" width=\"520\" height=\"20\">Entomologische Fachliteratur auf den Seiten der Entomofaunistischen Gesellschaft e. V.:<br \/>Entomologische Nachrichten und Berichte (ENB) und Entomofauna Germanica<\/td>\n<td align=\"center\" width=\"300\" height=\"20\"><a title=\"Entomologische Nachrichten und Berichte\" href=\"http:\/\/www.entomofaunistische-gesellschaft.de\/?page_id=22\" target=\"_blank\" rel=\"noopener noreferrer\">http:\/\/www.entomofaunistische-gesellschaft.de\/<\/a><\/td>\n<\/tr>\n<tr>\n<td align=\"center\" width=\"520\" height=\"20\">Hygieneberatung und Hygienepl\u00e4ne<\/td>\n<td align=\"center\" width=\"300\" height=\"20\"><a title=\"Entomofauna Germanica\" href=\"http:\/\/hygieneberatung-sachsen.de\/\" target=\"_blank\" rel=\"noopener noreferrer\">http:\/\/hygieneberatung-sachsen.de\/<\/a><\/td>\n<\/tr>\n<tr>\n<td align=\"center\" width=\"520\" height=\"20\">Entomologische Fachliteratur auf den Seiten der Entomofaunistischen Gesellschaft e. V. (Landesverband Sachsen)<\/td>\n<td align=\"center\" width=\"300\" height=\"20\"><a title=\"Landesfaunen Sachsen\" href=\"http:\/\/efgsachsen.de\/?page_id=22\" target=\"_blank\" rel=\"noopener noreferrer\">http:\/\/efgsachsen.de\/<\/a><\/td>\n<\/tr>\n<tr>\n<td align=\"center\" width=\"520\" height=\"20\">Ratschl\u00e4ge und Hintergr\u00fcnde zu mehr Natur im eigenen Garten<\/td>\n<td align=\"center\" width=\"300\" height=\"20\"><a title=\"Natur im Garten\" href=\"http:\/\/www.biotope-im-garten.de\/\" target=\"_blank\" rel=\"noopener noreferrer\">http:\/\/www.biotope-im-garten.de\/<\/a><\/td>\n<\/tr>\n<tr>\n<td align=\"center\" width=\"520\" height=\"20\">Ha\u00dflau in Mittelsachsen, Aktualit\u00e4t und Historie sowie einige n\u00fctzliche Dinge<\/td>\n<td align=\"center\" width=\"300\" height=\"20\"><a title=\"Ha\u00dflau in Mittelsachsen\" href=\"http:\/\/www.hasslau.de\/\" target=\"_blank\" rel=\"noopener noreferrer\">http:\/\/www.hasslau.de\/<\/a><\/td>\n<\/tr>\n<tr>\n<td align=\"center\" width=\"520\" height=\"20\">Restaurierungsatelier in Dresden (Freistaat Sachsen)<\/td>\n<td align=\"center\" width=\"300\" height=\"20\"><a title=\"arche noVa\" href=\"http:\/\/restaurierungsatelier-dresden.de\" target=\"_blank\" rel=\"noopener noreferrer\">http:\/\/restaurierungsatelier-dresden.de<\/a><\/td>\n<\/tr>\n<\/tbody>\n<\/table>\n\n\n<p><\/p>\n","protected":false},"excerpt":{"rendered":"<p>Naturerleben und Fotografie, erstklassige Fotos, Naturf\u00fchrungen http:\/\/www.photos-nature.de\/ Rezensionen zu naturwissenschaftlichen, naturschutzfachlichen und popul\u00e4ren Themen http:\/\/www.sachsen-natur.de\/rezension.php Entomologische Fachliteratur auf den Seiten der Entomofaunistischen Gesellschaft e. V.:Entomologische Nachrichten und Berichte (ENB) und Entomofauna Germanica http:\/\/www.entomofaunistische-gesellschaft.de\/ Hygieneberatung und Hygienepl\u00e4ne http:\/\/hygieneberatung-sachsen.de\/ Entomologische Fachliteratur auf den Seiten der Entomofaunistischen Gesellschaft e. V. (Landesverband Sachsen) http:\/\/efgsachsen.de\/ Ratschl\u00e4ge und Hintergr\u00fcnde zu mehr [&hellip;]<\/p>\n","protected":false},"author":1,"featured_media":0,"parent":0,"menu_order":0,"comment_status":"closed","ping_status":"closed","template":"","meta":{"footnotes":""},"class_list":["post-28","page","type-page","status-publish","hentry"],"_links":{"self":[{"href":"https:\/\/fbnl-eco.de\/index.php?rest_route=\/wp\/v2\/pages\/28","targetHints":{"allow":["GET"]}}],"collection":[{"href":"https:\/\/fbnl-eco.de\/index.php?rest_route=\/wp\/v2\/pages"}],"about":[{"href":"https:\/\/fbnl-eco.de\/index.php?rest_route=\/wp\/v2\/types\/page"}],"author":[{"embeddable":true,"href":"https:\/\/fbnl-eco.de\/index.php?rest_route=\/wp\/v2\/users\/1"}],"replies":[{"embeddable":true,"href":"https:\/\/fbnl-eco.de\/index.php?rest_route=%2Fwp%2Fv2%2Fcomments&post=28"}],"version-history":[{"count":11,"href":"https:\/\/fbnl-eco.de\/index.php?rest_route=\/wp\/v2\/pages\/28\/revisions"}],"predecessor-version":[{"id":599,"href":"https:\/\/fbnl-eco.de\/index.php?rest_route=\/wp\/v2\/pages\/28\/revisions\/599"}],"wp:attachment":[{"href":"https:\/\/fbnl-eco.de\/index.php?rest_route=%2Fwp%2Fv2%2Fmedia&parent=28"}],"curies":[{"name":"wp","href":"https:\/\/api.w.org\/{rel}","templated":true}]}}