{"id":22,"date":"2020-10-28T20:03:00","date_gmt":"2020-10-28T19:03:00","guid":{"rendered":"http:\/\/sachsen-natur.de\/FbNL\/?page_id=22"},"modified":"2021-11-02T16:10:23","modified_gmt":"2021-11-02T15:10:23","slug":"referenzen","status":"publish","type":"page","link":"https:\/\/fbnl-eco.de\/?page_id=22","title":{"rendered":"Referenzen"},"content":{"rendered":"<p>Nachfolgend ist eine Auswahl an Referenzprojekten f\u00fcr Sie zusammengestellt. Sie finden Arbeiten aus Sachsen, Sachsen-Anhalt, Hessen und Brandenburg.<\/p>\n<h3>Kartierungen, Bewertungen, Planungen, Naturschutzfachkenntnisse<\/h3>\n<p><span style=\"text-decoration: underline;\">Flora, Vegetation<\/span><\/p>\n<ul>\n<li>Floristisch-vegetationskundliche Erhebungen (Acker, Gr\u00fcnland, Wald, Agroforstsysteme [KUP] etc.)<\/li>\n<li>Verbreitung, Charakterisierung und Gef\u00e4hrdung heimischer Straucharten, gebietseigene Geh\u00f6lze <a href=\"https:\/\/fbnl-eco.de\/?page_id=177\">weiter lesen<\/a><\/li>\n<li>Vegetationskundliche Untersuchungen an Pappelanpflanzungen sowie Feldgeh\u00f6lzen <a href=\"https:\/\/fbnl-eco.de\/?page_id=174\">weiter lesen<\/a><\/li>\n<\/ul>\n<p><span style=\"text-decoration: underline;\">Fauna<\/span><\/p>\n<ul>\n<li>Regionalkoordinator f\u00fcr Bestandeserfassungen zu Amphibien und Reptilien im mittleren Westsachsen<\/li>\n<li>Faunistische Erhebungen und Bewertungen von ausgew\u00e4hlten Arten (v. a. FFH-relevante Arten, gesch\u00fctzte und\/oder gef\u00e4hrdete Arten)<\/li>\n<\/ul>\n<p><span style=\"text-decoration: underline;\">Biotopkartierung, LRT-Erfassungen, forstliche Kartierungen, Bewertungen<\/span><\/p>\n<ul>\n<li>Biotopkartierungen (Wald &amp; Offenland)<\/li>\n<li>Erstkartierung und Monitoring von FFH-Lebensraumtypen (Wald &amp; Offenland)<\/li>\n<li>Datenbankeingaben und GIS-Bearbeitung<\/li>\n<\/ul>\n<p><span style=\"text-decoration: underline;\">Agrarlandschaft, Landwirtschaft<\/span><\/p>\n<ul>\n<li>Beratung von Landwirten und Tierhaltern<\/li>\n<li>Untersuchungen zur Wirksamkeit von F\u00f6rderprogrammen<\/li>\n<li>Untersuchungen zur Wirkung von Schutzpflanzungen <a href=\"https:\/\/fbnl-eco.de\/?page_id=171\">weiter lesen<\/a><\/li>\n<li>Fachkonzepte <a href=\"https:\/\/fbnl-eco.de\/?page_id=167\">weiter lesen<\/a>,&nbsp;u. a. Biotopverbundplanung &#8222;Struppen&#8220;<\/li>\n<\/ul>\n<p><span style=\"text-decoration: underline;\">Umweltvertr\u00e4glichkeitspr\u00fcfung, Umweltvertr\u00e4glichkeitsstudie, Baubegleitung<br \/>\n<\/span><\/p>\n<ul>\n<li>\u00f6kologische Baubegleitung &amp; Artenschutzfachbeitr\u00e4ge<\/li>\n<li>Teilleistungen zu Umweltvertr\u00e4glichkeitsstudien (UVS)<\/li>\n<\/ul>\n<h3>Natura 2000, RL 92\/43\/EWG und 79\/409\/EWG<\/h3>\n<p><span style=\"text-decoration: underline;\">FFH-Managementplanung (Bietergemeinschaft oder Teilleistungen)<\/span><\/p>\n<ul>\n<li>Sachsen, Brandenburg, Sachsen-Anhalt<\/li>\n<\/ul>\n<p><span style=\"text-decoration: underline;\">FFH-Monitoring<\/span><\/p>\n<ul>\n<li>Sachsen, Sachsen-Anhalt<\/li>\n<\/ul>\n<h3>Auen- und Flie\u00dfgew\u00e4sser\u00f6kologie, Gew\u00e4sserrenaturierung und EG-Wasserrahmenrichtlinie<\/h3>\n<ul>\n<li>Bewertung der Folgen des Hochwassers 2002 auf die Vegetation der Hartholzauenw\u00e4lder <a href=\"https:\/\/fbnl-eco.de\/?page_id=159\">weiter lesen<\/a><\/li>\n<li>Erfassung und Dokumentation hochwasserbedingter Strukturver\u00e4nderungen in Flussauen sowie Analyse der Auswirkungen von Wasserstandsschwankungen in Flu\u00df- und Bachauen auf die Vegetationszusammensetzung <a href=\"https:\/\/fbnl-eco.de\/?page_id=156\">weiter lesen<\/a><\/li>\n<li>Standorts- und vegetations\u00f6kologische Kennzeichnung und Differenzierung von Auenwaldstandorten und Ableitung von Bewirtschaftungsempfehlungen <a href=\"https:\/\/fbnl-eco.de\/?page_id=150\">weiter lesen<\/a><\/li>\n<li>Analyse der \u00f6kologischen Funktionszusammenh\u00e4nge zwischen Standort und Lebensgemeinschaften am Mittellauf der Elbe <a href=\"https:\/\/fbnl-eco.de\/?page_id=130\">weiter lesen<\/a><\/li>\n<\/ul>\n<h3>\u00d6ffentlichkeitsarbeit, Lehrauftr\u00e4ge<\/h3>\n<ul>\n<li>\u00dcbergreifende \u00d6ffentlichkeitsarbeit im Osterzgebirge <a href=\"https:\/\/fbnl-eco.de\/?page_id=126\">weiter lesen<\/a><\/li>\n<li>Lehrauftr\u00e4ge, Vorlesungen<\/li>\n<\/ul>\n<h3>eigene Weiterbildungen<\/h3>\n<p>Fortbildungen und das Erschie\u00dfen neuer Arbeitsgebiete sowie eine Teilnahme an Fachtagungen\/-gespr\u00e4chen sind f\u00fcr den B\u00fcroinhaber selbstverst\u00e4ndlich und unverzichtbar.<\/p>\n<h3>Wissenschaftliche und popul\u00e4rwissenschaftliche Ver\u00f6ffentlichungen (Auswahl)<\/h3>\n<p><span style=\"font-variant: small-caps;\">Klausnitzer, U.; F\u00f6rster, C.; Rau, M.; Riehl, G.<\/span> (2021): <a href=\"https:\/\/www.bauernzeitung.de\/agrarpraxis\/tierhaltung\/der-richtige-zaun-woelfen-keine-chance-bieten\/\" target=\"_blank\" rel=\"noopener\">Der richtige Zaun<\/a>: W\u00f6lfen keine Chance bieten. Bauernzeitung (Hrsg. dbv network GmbH) 13: 42-43.<br \/>\n<a href=\"https:\/\/fbnl-eco.de\/wp-content\/uploads\/2021\/04\/BauZei_2021_13_S42_S43_Weidehaltung_Wolfsabwehr_Klausnitzer.pdf\" target=\"_blank\" rel=\"noopener\">Ver\u00f6ffentlichung als PDF<\/a><\/p>\n<p><span style=\"font-variant: small-caps;\">Klausnitzer, B.; Klausnitzer, U.; Wachmann, E.; Hrom\u00e1dko, Z.<\/span> (2018): Die Bockk\u00e4fer (Cerambycidae) Mitteleuropas. 4., erg\u00e4nzte und erweiterte Auflage \u2013 Die Neue Brehm-B\u00fccherei Band 499, VerlagsKG Wolf: 718 S., 325 Farbfotos, 157 SW-Abb.<\/p>\n<p><span style=\"font-variant: small-caps;\">F\u00f6rster, C.; Klausnitzer, U; Klemm, R.<\/span> (2018): Vorbeugung vor Sch\u00e4den durch den Wolf. B&amp;B Agrar (Hrsg. Bundesanstalt f\u00fcr Landwirtschaft und Ern\u00e4hrung) 4: 29-30.<br \/>\n<a href=\"https:\/\/fbnl-eco.de\/wp-content\/uploads\/2018\/12\/foerster_klausnitzer_klemm_BB_agrar_wolf.pdf\" target=\"_blank\" rel=\"noopener noreferrer\">Ver\u00f6ffentlichung als PDF<\/a><\/p>\n<p><span style=\"font-variant: small-caps;\">Klausnitzer, U.; Reitberger, P.<\/span> (2016): Massentod von Honigbienen &#8211; zum Nachdenken! Entomologische Nachrichten und Berichte. 60 (3-4): 250-251.<br \/>\n<a href=\"https:\/\/fbnl-eco.de\/wp-content\/uploads\/2017\/01\/Bienen_ENB_2016.pdf\" target=\"_blank\" rel=\"noopener noreferrer\">Ver\u00f6ffentlichung als PDF<\/a><\/p>\n<p><span style=\"font-variant: small-caps;\">Klausnitzer, B.; Klausnitzer, U.; Wachmann, E.; Hrom\u00e1dko, Z.<\/span> (2016): Die Bockk\u00e4fer (Cerambycidae) Mitteleuropas. 3., stark \u00fcberarbeitete und erweiterte Auflage \u2013 Die Neue Brehm-B\u00fccherei Band 499, VerlagsKG Wolf: 692 S., 324 Farbfotos, 157 SW-Abb.<\/p>\n<p><span style=\"font-variant: small-caps;\">Klausnitzer, U.; Klausnitzer, B.<\/span> (2012): Die Grundwanze, <em>Aphelocheirus aestivalis<\/em> (<span style=\"font-variant: small-caps;\">Fabricius<\/span>, 1794), in der Oberlausitz (Heteroptera, Aphelocheiridae). Berichte der Naturforschenden Gesellschaft der Oberlausitz (G\u00f6rlitz) 20: 67-69.<\/p>\n<p><span style=\"font-variant: small-caps;\">Klausnitzer, U.<\/span> (2012): Fauna entdecken &#8211; Lebensr\u00e4ume im Kleingarten entwickeln.- In Bundesverband Deutscher Gartenfreunde e. V. (Hrsg.): Naturnaher Garten und seine Vorz\u00fcge, 34. Jahrgang Gr\u00fcne Schriftenreihe, Heft 220: 14-23.<\/p>\n<p><span style=\"font-variant: small-caps;\">Klausnitzer, B.; Klausnitzer, U.<\/span> (2009): Anmerkungen zur Biologie und zum Vorkommen von <em>Ipidia binotata<\/em> <span style=\"font-variant: small-caps;\">Reitter<\/span>, 1875 (Coleoptera, Nitidulidae) sowie Beschreibung der Larven. Entomologische Nachrichten und Berichte. 53 (3-4): 241-248.<\/p>\n<p><span style=\"font-variant: small-caps;\">Dziock, F.; Gl\u00e4ser, J.; Bonn, A.; Deichner, O.; Foeckler, F.; Gehle, T.; Hagen, K.; J\u00e4ger, U. G.; Klausnitzer, B.; Klausnitzer, U.; Neumann, V.; Schmidt, P. A.; Scholz, M.<\/span> (2005): Auenwald .- In Scholz, M. et al. (Hrsg.): Lebensr\u00e4ume der Elbe und ihrer Auen. Konzepte f\u00fcr die nachhaltige Entwicklung einer Flu\u00dflandschaft, Bd. 4. Wei\u00dfensee Verlag Berlin: 194-233.<\/p>\n<p><span style=\"font-variant: small-caps;\">Klausnitzer, U.; Schmidt, P. A.<\/span> (2002): Vegetationskundliche Charakterisierung von Waldbest\u00e4nden auf Hartholzauenstandorten.- In <span style=\"font-variant: small-caps;\">Roloff, A.; Bonn, S.<\/span> (Hrsg.): Ergebnisse \u00f6kologischer Forschung zur nachhaltigen Bewirtschaftung von Auenw\u00e4ldern an der Mittleren Elbe. Forstwissenschaftliche Beitr\u00e4ge Tharandt 17: 123-154.<\/p>\n<p><span style=\"font-variant: small-caps;\">Klausnitzer, U.; Schmidt, P. A.<\/span> (2002): Vegetationskundliche Charakterisierung der Bodenvegetation von Hartholz-Auenw\u00e4ldern (Querco-Ulmetum) im Bereich zwischen Mulde- und Saalem\u00fcndung.- In <span style=\"font-variant: small-caps;\">Roloff, A.; Bonn, S.; K\u00fc\u00dfner, R.<\/span> (Hrsg.): Hartholz-Auenw\u00e4lder an der mittleren Elbe. Schr.-R. Wald in Sachsen-Anhalt 11: 36-49.<\/p>\n<p><span style=\"font-variant: small-caps;\">Schmidt, P. A.; Klausnitzer, U.<\/span> (2002): Die Baum- und Straucharten Sachsens &#8211; Charakterisierung und Verbreitung als Grundlagen der Generhaltung. Schr.-R. S\u00e4chs. Landesanstalt Forsten 24.<br \/>\n<a href=\"https:\/\/publikationen.sachsen.de\/bdb\/artikel\/18536\" target=\"_blank\" rel=\"noopener noreferrer\">Download Ver\u00f6ffentlichung als PDF<\/a><\/p>\n<p><span style=\"font-variant: small-caps;\">Klausnitzer, U.; Schmidt, P. A. <\/span>(1997): Flurgeh\u00f6lze im Kontext der Waldrand-Lebensgef\u00fcge und die Entwicklung der Vegetation in Schutzpflanzungen der Agrarlandschaft. Natur- und Kulturlandschaft 2: 136-144.<br \/>\n<a href=\"https:\/\/fbnl-eco.de\/wp-content\/uploads\/2015\/10\/klausnitzer_flurgehoelze.pdf\" target=\"_blank\" rel=\"noopener noreferrer\">Ver\u00f6ffentlichung als PDF<\/a><\/p>\n<p><span style=\"font-variant: small-caps;\">Klausnitzer, U.<\/span> (1994): Biotope im Garten. Neumann Verlag Radebeul: 160 S.<\/p>\n<p><span style=\"font-variant: small-caps;\">Klausnitzer, B.; Klausnitzer, U.<\/span> (1993): St\u00e4dtische Brachfl\u00e4chen &#8211; potentielle Naturschutzgebiete f\u00fcr Insekten? Ein Literatur\u00fcberblick. Geobot. Kolloq. 9: 31-44.<\/p>\n<p><span style=\"font-variant: small-caps;\">Klausnitzer, U.; Ende, G.; Krause, S.<\/span> (1992): Erstaufforstungen in Sachsen aus der Sicht des Naturschutzes. Naturschutzarbeit in Sachsen 34: 21-28.<\/p>\n<p><span style=\"font-variant: small-caps;\">Klausnitzer, U.<\/span> (1991): Einflu\u00df der Windschutzpflanzungen auf den Ertrag landwirtschaftlicher Kulturpflanzen im VEG Bornhof im Jahr 1987. Feldwirtschaft 32 (5): 229-231.<br \/>\n<a href=\"https:\/\/fbnl-eco.de\/wp-content\/uploads\/2015\/10\/klausnitzer_wws_ertrag.pdf\" target=\"_blank\" rel=\"noopener noreferrer\">Kurzfassung als PDF<\/a><\/p>\n<p><span style=\"font-variant: small-caps;\">Klausnitzer, B.; Klausnitzer, U.<\/span> (1982): Bemerkungen zur Feldheuschrecken-Fauna des Stadtzentrums von Leipzig (Caelifera, Acrididae). Entomologische Nachrichten und Berichte. 26 (3): 133-134.<\/p>\n","protected":false},"excerpt":{"rendered":"<p>Nachfolgend ist eine Auswahl an Referenzprojekten f\u00fcr Sie zusammengestellt. Sie finden Arbeiten aus Sachsen, Sachsen-Anhalt, Hessen und Brandenburg. Kartierungen, Bewertungen, Planungen, Naturschutzfachkenntnisse Flora, Vegetation Floristisch-vegetationskundliche Erhebungen (Acker, Gr\u00fcnland, Wald, Agroforstsysteme [KUP] etc.) Verbreitung, Charakterisierung und Gef\u00e4hrdung heimischer Straucharten, gebietseigene Geh\u00f6lze weiter lesen Vegetationskundliche Untersuchungen an Pappelanpflanzungen sowie Feldgeh\u00f6lzen weiter lesen Fauna Regionalkoordinator f\u00fcr Bestandeserfassungen zu [&hellip;]<\/p>\n","protected":false},"author":1,"featured_media":0,"parent":0,"menu_order":0,"comment_status":"closed","ping_status":"closed","template":"","meta":{"footnotes":""},"class_list":["post-22","page","type-page","status-publish","hentry"],"_links":{"self":[{"href":"https:\/\/fbnl-eco.de\/index.php?rest_route=\/wp\/v2\/pages\/22","targetHints":{"allow":["GET"]}}],"collection":[{"href":"https:\/\/fbnl-eco.de\/index.php?rest_route=\/wp\/v2\/pages"}],"about":[{"href":"https:\/\/fbnl-eco.de\/index.php?rest_route=\/wp\/v2\/types\/page"}],"author":[{"embeddable":true,"href":"https:\/\/fbnl-eco.de\/index.php?rest_route=\/wp\/v2\/users\/1"}],"replies":[{"embeddable":true,"href":"https:\/\/fbnl-eco.de\/index.php?rest_route=%2Fwp%2Fv2%2Fcomments&post=22"}],"version-history":[{"count":58,"href":"https:\/\/fbnl-eco.de\/index.php?rest_route=\/wp\/v2\/pages\/22\/revisions"}],"predecessor-version":[{"id":629,"href":"https:\/\/fbnl-eco.de\/index.php?rest_route=\/wp\/v2\/pages\/22\/revisions\/629"}],"wp:attachment":[{"href":"https:\/\/fbnl-eco.de\/index.php?rest_route=%2Fwp%2Fv2%2Fmedia&parent=22"}],"curies":[{"name":"wp","href":"https:\/\/api.w.org\/{rel}","templated":true}]}}