{"id":18,"date":"2025-10-21T12:26:00","date_gmt":"2025-10-21T10:26:00","guid":{"rendered":"http:\/\/sachsen-natur.de\/FbNL\/?page_id=18"},"modified":"2025-11-02T19:18:51","modified_gmt":"2025-11-02T18:18:51","slug":"leistungen","status":"publish","type":"page","link":"https:\/\/fbnl-eco.de\/?page_id=18","title":{"rendered":"Leistungen"},"content":{"rendered":"<p>Untenstehend f\u00fcr Sie ein \u00dcberblick zum Leistungs- und Fachprofil.<br \/>\nHaben Sie ein spezielleres Anliegen &#8211; nehmen Sie mit mir Kontakt auf! Wir sind f\u00fcr Sie jederzeit ansprechbar und sichern kurzfristige Antworten zu.<\/p>\n<h3>Erfassung biologischer Grundlagen &#8211; Datenhaltung<\/h3>\n<ul>\n<li>Flora und Vegetation, Vegetationsdynamik<\/li>\n<li>Biotopkartierung (Wald &amp; Offenland), Biotoptypenkartierung, Nutzungstypenkartierung<\/li>\n<li>Erfassungen von Habitatstrukturen, Totholzanteilen<\/li>\n<li>Versuchsfl\u00e4chen, Dauerbeobachtung, Monitoring (incl. Markierungen, Magnetsuchger\u00e4t, Metallsuchger\u00e4t, Metalldetektor)<\/li>\n<li>Datenbankeingabe (z. B. MultiBaseCS), Fotodokumentationen<\/li>\n<\/ul>\n<h3>Analysen &#8211; Bewertungen<\/h3>\n<ul>\n<li>Bearbeitung fachlicher Details in Bezug zu erneuerbaren Energien (u. a. Kurzumtriebsplantagen [KUP], Agroforstsysteme)<\/li>\n<li>FFH-Monitoring &amp; FFH-Vertr\u00e4glichkeitspr\u00fcfungen (Natura-2000-Gebiete [SAC], Lebensraumtypen\/ LRT gem\u00e4\u00df FFH-Richtlinie)<\/li>\n<li>\u00f6kologische Baubegleitung (nicht zu Flederm\u00e4usen)<\/li>\n<li>Effizienzkontrolle von Ersatz- und Ausgleichsma\u00dfnahmen sowie F\u00f6rderprogrammen<\/li>\n<\/ul>\n<h3>Konzepte &#8211; Beratungen<\/h3>\n<ul>\n<li>Integration von Naturschutzzielstellungen in die land- und forstwirtschaftliche Praxis<\/li>\n<li>praktischer Herdenschutz (technische L\u00f6sungen, Herdenschutzhunde)<\/li>\n<li>Biotoprenaturierungen, Biotopverbundplanung<\/li>\n<li>Beratungen von Landwirten, Tierhaltern, Eigent\u00fcmern und Nutzungsberechtigten<\/li>\n<\/ul>\n<h3>Forschung &#8211; Naturerlebnis<\/h3>\n<ul>\n<li>naturschutzrelevante und anwendungsbezogene Forschung<\/li>\n<li>Fachexkursionen &amp; Fotoexkursion, naturwissenschaftliche Vortr\u00e4ge<\/li>\n<\/ul>\n","protected":false},"excerpt":{"rendered":"<p>Untenstehend f\u00fcr Sie ein \u00dcberblick zum Leistungs- und Fachprofil. Haben Sie ein spezielleres Anliegen &#8211; nehmen Sie mit mir Kontakt auf! Wir sind f\u00fcr Sie jederzeit ansprechbar und sichern kurzfristige Antworten zu. Erfassung biologischer Grundlagen &#8211; Datenhaltung Flora und Vegetation, Vegetationsdynamik Biotopkartierung (Wald &amp; Offenland), Biotoptypenkartierung, Nutzungstypenkartierung Erfassungen von Habitatstrukturen, Totholzanteilen Versuchsfl\u00e4chen, Dauerbeobachtung, Monitoring (incl. [&hellip;]<\/p>\n","protected":false},"author":1,"featured_media":0,"parent":0,"menu_order":0,"comment_status":"closed","ping_status":"closed","template":"","meta":{"footnotes":""},"class_list":["post-18","page","type-page","status-publish","hentry"],"_links":{"self":[{"href":"https:\/\/fbnl-eco.de\/index.php?rest_route=\/wp\/v2\/pages\/18","targetHints":{"allow":["GET"]}}],"collection":[{"href":"https:\/\/fbnl-eco.de\/index.php?rest_route=\/wp\/v2\/pages"}],"about":[{"href":"https:\/\/fbnl-eco.de\/index.php?rest_route=\/wp\/v2\/types\/page"}],"author":[{"embeddable":true,"href":"https:\/\/fbnl-eco.de\/index.php?rest_route=\/wp\/v2\/users\/1"}],"replies":[{"embeddable":true,"href":"https:\/\/fbnl-eco.de\/index.php?rest_route=%2Fwp%2Fv2%2Fcomments&post=18"}],"version-history":[{"count":17,"href":"https:\/\/fbnl-eco.de\/index.php?rest_route=\/wp\/v2\/pages\/18\/revisions"}],"predecessor-version":[{"id":678,"href":"https:\/\/fbnl-eco.de\/index.php?rest_route=\/wp\/v2\/pages\/18\/revisions\/678"}],"wp:attachment":[{"href":"https:\/\/fbnl-eco.de\/index.php?rest_route=%2Fwp%2Fv2%2Fmedia&parent=18"}],"curies":[{"name":"wp","href":"https:\/\/api.w.org\/{rel}","templated":true}]}}