{"id":177,"date":"2015-10-29T17:58:50","date_gmt":"2015-10-29T16:58:50","guid":{"rendered":"http:\/\/fbnl-eco.de\/?page_id=177"},"modified":"2018-02-17T14:45:55","modified_gmt":"2018-02-17T13:45:55","slug":"erarbeitung-einer-grundlagensammlung-zur-verbreitung-charakterisierung-und-gefaehrdung-heimischer-straucharten-in-sachsen","status":"publish","type":"page","link":"https:\/\/fbnl-eco.de\/?page_id=177","title":{"rendered":"Erarbeitung einer Grundlagensammlung zur Verbreitung, Charakterisierung und Gef\u00e4hrdung heimischer Straucharten in Sachsen"},"content":{"rendered":"<p>Erarbeitung einer Grundlagensammlung zur Verbreitung, Charakterisierung und Gef\u00e4hrdung heimischer Straucharten in Sachsen<\/p>\n<p>Diese Arbeit enth\u00e4lt eine Zusammenstellung aller in Sachsen au\u00dferhalb von Siedlungsbereichen vorkommenden Geh\u00f6lze (B\u00e4ume, Str\u00e4ucher, Zwerg- und Halbstr\u00e4ucher) mit einer art- bzw. sippenspezifischen Charakterisierung ihres Verbreitungsgebietes. Es werden einheimische, eingeb\u00fcrgerte und verwildernde Arten ber\u00fccksichtigt, wobei die einheimischen Geh\u00f6lze und Straucharten besonders herausgestellt werden.<\/p>\n<p>F\u00fcr Sachsen werden 308 Geh\u00f6lzsippen (Arten\/Kleinarten\/Unterarten\/Bastarde) nachgewiesen, davon k\u00f6nnen 83 zu den einheimischen Str\u00e4uchern (Nanophanerophyten) gestellt werden. In letzterer Zahl sind Halb- und Zwergstr\u00e4ucher (Hemiphanerophyten, Chamaephyten) nicht inbegriffen!<\/p>\n<p>Die Einsch\u00e4tzung des Gef\u00e4hrdungsgrades der einheimischen Geh\u00f6lze zeigt, dass etwa 35 % der Sippen den verschiedenen Gef\u00e4hrdungskategorien der Roten Liste Sachsens zuzuordnen sind. Eine entsprechende Bilanz nur f\u00fcr die Str\u00e4ucher (excl. Zwerg- und Halbstr\u00e4ucher) ergibt ca. 28 %. Sieben Geh\u00f6lzarten sind nach Bundesartenschutzverordnung besonders gesch\u00fctzte Arten.<\/p>\n<p>Es werden Hinweise f\u00fcr die Verwendung der Geh\u00f6lze in der offenen Landschaft gegeben, dabei werden vertiefende Aussagen f\u00fcr die Str\u00e4ucher gemacht. Eine Gruppierung erfolgt nach dem nat\u00fcrlichen Verbreitungsgebiet, der Seltenheit und Gef\u00e4hrdung.<\/p>\n<p>Durch eine Befragung von Baumschulen und durch Auswertung von Baumschulkatalogen wurde die derzeitige Situation des Pflanzgutangebotes analysiert und dargestellt. Es muss f\u00fcr Pflanzungen (bei Bezug von Ware aus Baumschulen) eine genaue Pr\u00fcfung der Herk\u00fcnfte des Pflanzgutes angemahnt werden.<\/p>\n<p><u>Durchf\u00fchrung:<\/u> Dipl.-Agraring. Ulrich Klausnitzer (Bearbeitung und Gesamtkoordination) am Lehrstuhl f\u00fcr Landeskultur und Naturschutz (Projektleiter: Prof. Dr. P. A. Schmidt; WHK: Dipl. Gartenbauing. A. Schroiff, Dipl.-Ing. M. Zieverink; TM: Dipl.-Inform. I. Frehse), Institut f\u00fcr Allgemeine \u00d6kologie und Umweltschutz, TU Dresden, Fachrichtung Forstwissenschaften, Tharandt);<br \/>\n<u>Auftraggeber:<\/u> S\u00e4chsische Landesanstalt f\u00fcr Forsten.<\/p>\n<p><u>Literatur:<\/u><br \/>\n<span style=\"font-variant: small-caps;\">Schmidt, P. A.; Klausnitzer, U.<\/span> (2002): Die Baum- und Straucharten Sachsens &#8211; Charakterisierung und Verbreitung als Grundlagen der Generhaltung. Schr.-R. S\u00e4chs. Landesanstalt Forsten 24.<\/p>\n<p><a href=\"https:\/\/publikationen.sachsen.de\/bdb\/artikel\/18536\/documents\/43585\" target=\"_blank\" rel=\"noopener\">Download Ver\u00f6ffentlichung als PDF<\/a><\/p>\n","protected":false},"excerpt":{"rendered":"<p>Erarbeitung einer Grundlagensammlung zur Verbreitung, Charakterisierung und Gef\u00e4hrdung heimischer Straucharten in Sachsen Diese Arbeit enth\u00e4lt eine Zusammenstellung aller in Sachsen au\u00dferhalb von Siedlungsbereichen vorkommenden Geh\u00f6lze (B\u00e4ume, Str\u00e4ucher, Zwerg- und Halbstr\u00e4ucher) mit einer art- bzw. sippenspezifischen Charakterisierung ihres Verbreitungsgebietes. Es werden einheimische, eingeb\u00fcrgerte und verwildernde Arten ber\u00fccksichtigt, wobei die einheimischen Geh\u00f6lze und Straucharten besonders herausgestellt werden. [&hellip;]<\/p>\n","protected":false},"author":1,"featured_media":0,"parent":0,"menu_order":0,"comment_status":"closed","ping_status":"closed","template":"","meta":{"footnotes":""},"class_list":["post-177","page","type-page","status-publish","hentry"],"_links":{"self":[{"href":"https:\/\/fbnl-eco.de\/index.php?rest_route=\/wp\/v2\/pages\/177","targetHints":{"allow":["GET"]}}],"collection":[{"href":"https:\/\/fbnl-eco.de\/index.php?rest_route=\/wp\/v2\/pages"}],"about":[{"href":"https:\/\/fbnl-eco.de\/index.php?rest_route=\/wp\/v2\/types\/page"}],"author":[{"embeddable":true,"href":"https:\/\/fbnl-eco.de\/index.php?rest_route=\/wp\/v2\/users\/1"}],"replies":[{"embeddable":true,"href":"https:\/\/fbnl-eco.de\/index.php?rest_route=%2Fwp%2Fv2%2Fcomments&post=177"}],"version-history":[{"count":2,"href":"https:\/\/fbnl-eco.de\/index.php?rest_route=\/wp\/v2\/pages\/177\/revisions"}],"predecessor-version":[{"id":508,"href":"https:\/\/fbnl-eco.de\/index.php?rest_route=\/wp\/v2\/pages\/177\/revisions\/508"}],"wp:attachment":[{"href":"https:\/\/fbnl-eco.de\/index.php?rest_route=%2Fwp%2Fv2%2Fmedia&parent=177"}],"curies":[{"name":"wp","href":"https:\/\/api.w.org\/{rel}","templated":true}]}}