{"id":171,"date":"2015-10-29T17:52:09","date_gmt":"2015-10-29T16:52:09","guid":{"rendered":"http:\/\/fbnl-eco.de\/?page_id=171"},"modified":"2015-10-29T17:52:09","modified_gmt":"2015-10-29T16:52:09","slug":"analytische-untersuchungen-zur-wirkung-von-schutzpflanzungen-sowie-ermittlung-von-quantifizierbaren-indikatoren-zu-deren-bestimmung","status":"publish","type":"page","link":"https:\/\/fbnl-eco.de\/?page_id=171","title":{"rendered":"Analytische Untersuchungen zur Wirkung von Schutzpflanzungen sowie Ermittlung von quantifizierbaren Indikatoren zu deren Bestimmung"},"content":{"rendered":"<p>Im Rahmen dieser Arbeit werden optimale Zust\u00e4nde von Schutzpflanzungen und Hecken charakterisiert. Es werden quantifizierbare Indikatoren vorgestellt. Die Darstellung erfolgt anhand der Kriterienkomplexe Struktur, Artenzusammensetzung und Pflegezustand f\u00fcr das Agrarstrukturgebiet &#8222;Mittels\u00e4chsisches L\u00f6\u00dfgebiet&#8220; im Freistaat Sachsen.<\/p>\n<p>Folgende Kriterien und Indikatoren wurden herangezogen:<br \/>\n<span style=\"text-decoration: underline;\">Kriterienkomplex Struktur<\/span><\/p>\n<ul>\n<li>Geh\u00f6lz (Geh\u00f6lzbreite und -l\u00e4nge, Maximaldistanz, Altersstruktur, Altb\u00e4ume, Totholz, Windschutzwirkung)<\/li>\n<li>Saum (Breite, Exponierung, Randlinie, Sonderstrukturen)<\/li>\n<\/ul>\n<p><span style=\"text-decoration: underline;\">Kriterienkomplex Artenzusammensetzung<\/span><\/p>\n<ul>\n<li>Baum- und Straucharten<\/li>\n<li>Bodenvegetation<\/li>\n<\/ul>\n<p><span style=\"text-decoration: underline;\">Kriterienkomplex Pflegezustand<\/span><\/p>\n<ul>\n<li>Anlage- und Entwicklungspflege (Schutz gegen Verbiss-, Fege- und Trittsch\u00e4den, Schutz gegen \u00dcberwachsen, Nachbesserung)<\/li>\n<li>Unterhaltungspflege (&#8222;auf den Stock setzen&#8220; der Geh\u00f6lze, S\u00e4ume m\u00e4hen)<\/li>\n<\/ul>\n<p><u>Bearbeitung:<\/u> Dipl.-Agraring. Ulrich Klausnitzer<br \/>\n<u>Auftraggeber:<\/u> S\u00e4chsische Landesanstalt f\u00fcr Landwirtschaft<\/p>\n","protected":false},"excerpt":{"rendered":"<p>Im Rahmen dieser Arbeit werden optimale Zust\u00e4nde von Schutzpflanzungen und Hecken charakterisiert. Es werden quantifizierbare Indikatoren vorgestellt. Die Darstellung erfolgt anhand der Kriterienkomplexe Struktur, Artenzusammensetzung und Pflegezustand f\u00fcr das Agrarstrukturgebiet &#8222;Mittels\u00e4chsisches L\u00f6\u00dfgebiet&#8220; im Freistaat Sachsen. Folgende Kriterien und Indikatoren wurden herangezogen: Kriterienkomplex Struktur Geh\u00f6lz (Geh\u00f6lzbreite und -l\u00e4nge, Maximaldistanz, Altersstruktur, Altb\u00e4ume, Totholz, Windschutzwirkung) Saum (Breite, Exponierung, [&hellip;]<\/p>\n","protected":false},"author":1,"featured_media":0,"parent":0,"menu_order":0,"comment_status":"closed","ping_status":"closed","template":"","meta":{"footnotes":""},"class_list":["post-171","page","type-page","status-publish","hentry"],"_links":{"self":[{"href":"https:\/\/fbnl-eco.de\/index.php?rest_route=\/wp\/v2\/pages\/171","targetHints":{"allow":["GET"]}}],"collection":[{"href":"https:\/\/fbnl-eco.de\/index.php?rest_route=\/wp\/v2\/pages"}],"about":[{"href":"https:\/\/fbnl-eco.de\/index.php?rest_route=\/wp\/v2\/types\/page"}],"author":[{"embeddable":true,"href":"https:\/\/fbnl-eco.de\/index.php?rest_route=\/wp\/v2\/users\/1"}],"replies":[{"embeddable":true,"href":"https:\/\/fbnl-eco.de\/index.php?rest_route=%2Fwp%2Fv2%2Fcomments&post=171"}],"version-history":[{"count":1,"href":"https:\/\/fbnl-eco.de\/index.php?rest_route=\/wp\/v2\/pages\/171\/revisions"}],"predecessor-version":[{"id":172,"href":"https:\/\/fbnl-eco.de\/index.php?rest_route=\/wp\/v2\/pages\/171\/revisions\/172"}],"wp:attachment":[{"href":"https:\/\/fbnl-eco.de\/index.php?rest_route=%2Fwp%2Fv2%2Fmedia&parent=171"}],"curies":[{"name":"wp","href":"https:\/\/api.w.org\/{rel}","templated":true}]}}