{"id":167,"date":"2015-10-29T17:46:42","date_gmt":"2015-10-29T16:46:42","guid":{"rendered":"http:\/\/fbnl-eco.de\/?page_id=167"},"modified":"2015-10-29T18:07:05","modified_gmt":"2015-10-29T17:07:05","slug":"umfang-und-form-einer-nachhaltigen-landnutzung-fuer-land-forst-und-fischereiwirtschaft","status":"publish","type":"page","link":"https:\/\/fbnl-eco.de\/?page_id=167","title":{"rendered":"Umfang und Form einer nachhaltigen Landnutzung f\u00fcr Land-, Forst- und Fischereiwirtschaft"},"content":{"rendered":"<p>Um einem Grundanliegen von Biosph\u00e4renreservaten, der beispielhaften Umsetzung einer dauerhaft umweltgerechten Landnutzung, zu entsprechen, wurden f\u00fcr ausgew\u00e4hlte Betriebe der Land-, Forst- und Teichwirtschaft naturschutzfachliche Leitbilder und realisierbare Bewirtschaftungskonzepte erarbeitet. Dabei wurden einzelbetriebliche Ma\u00dfnahmen fl\u00e4chenkonkret aufgezeigt und betriebswirtschaftlich \u00fcberpr\u00fcft.<\/p>\n<p>Ein wesentlicher Bestandteil der Arbeit war das Auffinden einer geeigneten Methodik. Ausgehend vom Ist-Zustand wurden Ziel-Biotoptypen (Konstruktion von Soll-Zust\u00e4nden) formuliert. Von der nachfolgenden Defizitanalyse ausgehend wurden Handlungskonzepte erarbeitet (differenziert nach naturschutzfachlich optimal und vom Landnutzer akzeptiert) und anschlie\u00dfend f\u00fcr jeden Differenz-Grundtyp fl\u00e4chenscharfe (fachlich untersetzte) Ma\u00dfnahmen formuliert, f\u00fcr welche ebenfalls eine naturschutzfachliche betriebswirtschaftliche Bewertung erfolgte.<\/p>\n<p>Beispiel: \u00a0 \u00a0 \u00a0\u00a0 <a href=\"https:\/\/fbnl-eco.de\/wp-content\/uploads\/2015\/10\/farm_plan.jpg\" target=\"_blank\"><img loading=\"lazy\" decoding=\"async\" class=\"alignnone wp-image-180\" src=\"https:\/\/fbnl-eco.de\/wp-content\/uploads\/2015\/10\/farm_plan-150x150.jpg\" alt=\"farm_plan\" width=\"125\" height=\"132\" srcset=\"https:\/\/fbnl-eco.de\/wp-content\/uploads\/2015\/10\/farm_plan-283x300.jpg 283w, https:\/\/fbnl-eco.de\/wp-content\/uploads\/2015\/10\/farm_plan-967x1024.jpg 967w, https:\/\/fbnl-eco.de\/wp-content\/uploads\/2015\/10\/farm_plan-624x661.jpg 624w, https:\/\/fbnl-eco.de\/wp-content\/uploads\/2015\/10\/farm_plan.jpg 1000w\" sizes=\"auto, (max-width: 125px) 100vw, 125px\" \/><\/a><\/p>\n<p><u>Durchf\u00fchrung:<\/u> Dipl.-Agraring. Ulrich Klausnitzer (Bearbeitung Teilthema Forstwirtschaft, Gesamtkoordination) am Lehrstuhl f\u00fcr Landeskultur und Naturschutz (Projektleiter Prof. Dr. P. A. Schmidt), Institut f\u00fcr Allgemeine \u00d6kologie und Umweltschutz, TU Dresden, Fachrichtung Forstwissenschaften, Tharandt);<br \/>\n<u>Partnerschaft:<\/u> Forschungsinstitut f\u00fcr biologischen Landbau, Frick\/ Schweiz (Landwirtschaft), IDUS Biologisch Analytisches Umweltlabor, Ottendorf-Okrilla (Teichwirtschaft), Professur f\u00fcr Forsteinrichtung der TU Dresden (M. Merrem) &amp; Lehrstuhl f\u00fcr Landeskultur und Naturschutz (Dr. E.-G. Wilhelm) (forstliche u. naturschutzfachliche betriebswirtschaftliche Bewertung), ;<br \/>\n<u>Auftraggeber:<\/u> S\u00e4chsisches Landesamt f\u00fcr Umwelt und Geologie.<\/p>\n<p><a href=\"https:\/\/fbnl-eco.de\/wp-content\/uploads\/2015\/10\/kurz_1.jpg\" target=\"_blank\"><img loading=\"lazy\" decoding=\"async\" class=\"alignnone wp-image-132\" src=\"https:\/\/fbnl-eco.de\/wp-content\/uploads\/2015\/10\/kurz_1-1024x1024.jpg\" alt=\"kurz_1\" width=\"600\" height=\"600\" srcset=\"https:\/\/fbnl-eco.de\/wp-content\/uploads\/2015\/10\/kurz_1-1024x1024.jpg 1024w, https:\/\/fbnl-eco.de\/wp-content\/uploads\/2015\/10\/kurz_1-150x150.jpg 150w, https:\/\/fbnl-eco.de\/wp-content\/uploads\/2015\/10\/kurz_1-300x300.jpg 300w, https:\/\/fbnl-eco.de\/wp-content\/uploads\/2015\/10\/kurz_1-624x624.jpg 624w, https:\/\/fbnl-eco.de\/wp-content\/uploads\/2015\/10\/kurz_1.jpg 1417w\" sizes=\"auto, (max-width: 600px) 100vw, 600px\" \/><\/a><\/p>\n","protected":false},"excerpt":{"rendered":"<p>Um einem Grundanliegen von Biosph\u00e4renreservaten, der beispielhaften Umsetzung einer dauerhaft umweltgerechten Landnutzung, zu entsprechen, wurden f\u00fcr ausgew\u00e4hlte Betriebe der Land-, Forst- und Teichwirtschaft naturschutzfachliche Leitbilder und realisierbare Bewirtschaftungskonzepte erarbeitet. Dabei wurden einzelbetriebliche Ma\u00dfnahmen fl\u00e4chenkonkret aufgezeigt und betriebswirtschaftlich \u00fcberpr\u00fcft. Ein wesentlicher Bestandteil der Arbeit war das Auffinden einer geeigneten Methodik. Ausgehend vom Ist-Zustand wurden Ziel-Biotoptypen (Konstruktion [&hellip;]<\/p>\n","protected":false},"author":1,"featured_media":0,"parent":0,"menu_order":0,"comment_status":"closed","ping_status":"closed","template":"","meta":{"footnotes":""},"class_list":["post-167","page","type-page","status-publish","hentry"],"_links":{"self":[{"href":"https:\/\/fbnl-eco.de\/index.php?rest_route=\/wp\/v2\/pages\/167","targetHints":{"allow":["GET"]}}],"collection":[{"href":"https:\/\/fbnl-eco.de\/index.php?rest_route=\/wp\/v2\/pages"}],"about":[{"href":"https:\/\/fbnl-eco.de\/index.php?rest_route=\/wp\/v2\/types\/page"}],"author":[{"embeddable":true,"href":"https:\/\/fbnl-eco.de\/index.php?rest_route=\/wp\/v2\/users\/1"}],"replies":[{"embeddable":true,"href":"https:\/\/fbnl-eco.de\/index.php?rest_route=%2Fwp%2Fv2%2Fcomments&post=167"}],"version-history":[{"count":3,"href":"https:\/\/fbnl-eco.de\/index.php?rest_route=\/wp\/v2\/pages\/167\/revisions"}],"predecessor-version":[{"id":181,"href":"https:\/\/fbnl-eco.de\/index.php?rest_route=\/wp\/v2\/pages\/167\/revisions\/181"}],"wp:attachment":[{"href":"https:\/\/fbnl-eco.de\/index.php?rest_route=%2Fwp%2Fv2%2Fmedia&parent=167"}],"curies":[{"name":"wp","href":"https:\/\/api.w.org\/{rel}","templated":true}]}}