{"id":150,"date":"2015-10-29T17:27:51","date_gmt":"2015-10-29T16:27:51","guid":{"rendered":"http:\/\/fbnl-eco.de\/?page_id=150"},"modified":"2015-10-29T17:38:12","modified_gmt":"2015-10-29T16:38:12","slug":"vegetationskundliche-charakterisierung-von-waldbestaenden-auf-hartholzauenstandorten","status":"publish","type":"page","link":"https:\/\/fbnl-eco.de\/?page_id=150","title":{"rendered":"Vegetationskundliche Charakterisierung von Waldbest\u00e4nden auf Hartholzauenstandorten"},"content":{"rendered":"<p>Am Beispiel der Bodenvegetation ausgew\u00e4hlter Waldbest\u00e4nde im Elbeauengebiet wurde ein Beitrag zur standorts- und vegetations\u00f6kologischen Kennzeichnung und Differenzierung der Phytoz\u00f6nosen unterschiedlicher Auspr\u00e4gungen der Auenwald\u00f6kosysteme geleistet. Die Untersuchungsgebiete des Teilprojektes erstreckten sich an der Elbe von der Mulde- bis zur Saalem\u00fcndung.<\/p>\n<p>Um die abiotischen Faktoren zu ermitteln, von denen Struktur und Dynamik der Bodenvegetation entscheidend beeinflusst werden, erfolgten Datenerhebungen zum hydrologischen Regime, zum Gel\u00e4nderelief, zum Boden und zu den Lichtverh\u00e4ltnissen.<\/p>\n<p>Die Vegetationsanalyse mittels pflanzensoziologischer Tabellenarbeit und deren Auswertung unter Einbeziehung multivariater Methoden ergaben f\u00fcr die Bodenvegetation der Untersuchungsgebiete im Grundbestand an Arten sehr \u00e4hnliche Vegetationstypen, die verschiedene Ausbildungsformen (AF) des Stieleichen-Ulmen-Hartholzauenwaldes (Querco-Ulmetum ISSLER 1924) repr\u00e4sentieren. Differenzierungen lassen sich vor allem durch vom Wasserhaushalt gepr\u00e4gte Standortsunterschiede in der Bodenvegetation vornehmen:<\/p>\n<p>1. Sternmieren-Stieleichen-Ulmenwald = Stellaria holostea-AF = Hohe Hartholzaue,<br \/>\n2. Typischer Stieleichen-Ulmenwald = Mittlere Hartholzaue,<\/p>\n<ul>\n<li>AF des Typischen Stieleichen-Ulmenwaldes mit Stellaria holostea,<\/li>\n<li>AF des Typischen Stieleichen-Ulmenwaldes mit Anemone ranunculoides,<\/li>\n<li>AF des Typischen Stieleichen-Ulmenwaldes ohne Trennarten,<\/li>\n<\/ul>\n<p>3. Rohrglanzgras-Stieleichen-Ulmenwald = Phalaris arundinacea-AF = Tiefe Hartholzaue.<\/p>\n<p>Zur Verkn\u00fcpfung der vegetationskundlichen mit den stand\u00f6rtlichen Daten wurden die im Ergebnis der vegetationskundlichen Analyse herausgearbeiteten Ausbildungen des Querco-Ulmetums mit den aus Reliefnivellements errechneten Gel\u00e4ndeh\u00f6hensummenkurven in Beziehung gesetzt. Die &#8222;tiefe Hartholzaue&#8220;, also die Standorte des Rohrglanzgras-Stieleichen-Ulmenwaldes, sind im Mittel 15 Tage, die &#8222;hohe Hartholzaue&#8220; mit der der Stellaria holostea-Ausbildung des Querco-Ulmetum maximal 2 Tage innerhalb der Vegetationsperiode \u00fcberflutet (errechnet aus 100j\u00e4hrigem Mittel). Die &#8222;mittlere Hartholzaue&#8220; ist im langj\u00e4hrigen Mittel an 9 Tagen in der Vegetationsperiode \u00fcberflutet.<\/p>\n<p>Die Ergebnisse des Teilprojektes zur standorts- und vegetations\u00f6kologischen Kennzeichnung und Differenzierung der Stieleichen-Ulmenw\u00e4lder (Querco-Ulmetum ISSLER 1924) in der Hartholzaue der mittleren Elbe belegen die entscheidende Bedeutung des Standortsfaktors Wasser f\u00fcr die Existenz und Ausbildung verschiedener Auspr\u00e4gungen des \u00d6kosystemtyps der Hartholz-Auenw\u00e4lder. Durch Verkn\u00fcpfung der stand\u00f6rtlichen mit den vegetationskundlichen Daten wird der Zusammenhang zwischen Wasserhaushalt und Vegetation verdeutlicht. Erst die Erstellung von Gel\u00e4ndeh\u00f6hensummenkurven erm\u00f6glicht, Beziehungen zwischen der konkreten Vegetationsauspr\u00e4gung und dem Wasserhaushalt herauszuarbeiten.<br \/>\nDiese Erkenntnisse sind nicht nur f\u00fcr das Verst\u00e4ndnis und die Bewertung der aktuellen Situation von Bedeutung, sondern ebenso f\u00fcr die Beurteilung potentieller Standorte von Hartholzauenw\u00e4ldern oder des Erfolgs geplanter Renaturierungsma\u00dfnahmen. Dabei besteht durchaus weiterer Forschungsbedarf, so zur Erforschung der Vegetationsdynamik von Hartholzauenw\u00e4ldern im gesamten mittel- und ostdeutschen Raum sowie zur Gef\u00e4hrdung dieser einzigartigen Wald\u00f6kosysteme durch Ver\u00e4nderungen im Wasserhaushalt. Gerade vor dem Hintergrund (immer noch) laufender Planungen zu Ausbauma\u00dfnahmen an Flussl\u00e4ufen erscheint es dringend notwendig, weitere Erkenntnisse \u00fcber die Vegetations\u00f6kologie dieser an Wechselwasserst\u00e4nde angepassten und von diesen abh\u00e4ngigen W\u00e4lder vorzulegen.<\/p>\n<p><u>Durchf\u00fchrung:<\/u> Dipl.-Agraring. Ulrich Klausnitzer (Bearbeitung Teilthema Vegetation, Beziehungen zwischen Wasserhaushalt und Standort bzw. Vegetation) am Lehrstuhl f\u00fcr Landeskultur und Naturschutz (Teilprojektleiter Prof. Dr. P. A. Schmidt), Institut f\u00fcr Allgemeine \u00d6kologie und Umweltschutz, TU Dresden;<br \/>\n<u>Partnerschaft:<\/u> Institute f\u00fcr Forstbotanik (Gesamtprojektleitung Prof. Dr. A. Roloff &amp; Dr. S. Bonn), Waldbau\/ Forstschutz, Hydrologie\/ Meteorologie (alle Fakult\u00e4t Forst-, Geo-, Hydrowissenschaften, TU Dresden);<br \/>\n<u>Auftraggeber:<\/u> Bundesministerium f\u00fcr Bildung und Forschung (BMBF).<\/p>\n<p><u>Literatur:<\/u><br \/>\n<span style=\"font-variant: small-caps;\">Dziock, F.; Gl\u00e4ser, J.; Bonn, A.; Deichner, O.; Foeckler, F.; Gehle, T.; Hagen, K.; J\u00e4ger, U. G.; Klausnitzer, B.; Klausnitzer, U.; Neumann, V.; Schmidt, P. A.; Scholz, M.<\/span> (2005): Auenwald.- In <span style=\"font-variant: small-caps;\">Scholz, M.<\/span> et al. (Hrsg.): Lebensr\u00e4ume der Elbe und ihrer Auen. Konzepte f\u00fcr die nachhaltige Entwicklung einer Flu\u00dflandschaft, Bd. 4. Wei\u00dfensee Verlag Berlin: 194-233.<br \/>\n<span style=\"font-variant: small-caps;\">Klausnitzer, U.; Schmidt, P. A.<\/span> (2002): Vegetationskundliche Charakterisierung von Waldbest\u00e4nden auf Hartholzauenstandorten. In <span style=\"font-variant: small-caps;\">Roloff, A.; Bonn, S.<\/span> (Hrsg.): Ergebnisse \u00f6kologischer Forschung zur nachhaltigen Bewirtschaftung von Auenw\u00e4ldern an der Mittleren Elbe. Forstwissenschaftliche Beitr\u00e4ge Tharandt 17: 123-154.<br \/>\n<span style=\"font-variant: small-caps;\">Klausnitzer, U.; Schmidt, P. A.<\/span> (2002): Vegetationskundliche Charakterisierung der Bodenvegetation von Hartholz-Auenw\u00e4ldern (<span style=\"font-stretch: ultra-expanded;\">Querco-Ulmetum<\/span>) im Bereich zwischen Mulde- und Saalem\u00fcndung.- In <span style=\"font-variant: small-caps;\">Roloff, A.; Bonn, S.; K\u00fc\u00dfner, R. <\/span>(Hrsg.): Hartholz-Auenw\u00e4lder an der mittleren Elbe. Schr.-R. Wald in Sachsen-Anhalt 11: 36-49.<\/p>\n<p><img loading=\"lazy\" decoding=\"async\" class=\"alignnone wp-image-141\" src=\"https:\/\/fbnl-eco.de\/wp-content\/uploads\/2015\/10\/p_kurz_6-150x150.jpg\" alt=\"\" width=\"165\" height=\"124\" srcset=\"https:\/\/fbnl-eco.de\/wp-content\/uploads\/2015\/10\/p_kurz_6-300x226.jpg 300w, https:\/\/fbnl-eco.de\/wp-content\/uploads\/2015\/10\/p_kurz_6-624x469.jpg 624w, https:\/\/fbnl-eco.de\/wp-content\/uploads\/2015\/10\/p_kurz_6.jpg 1000w\" sizes=\"auto, (max-width: 165px) 100vw, 165px\" \/> <img loading=\"lazy\" decoding=\"async\" class=\"alignnone wp-image-142\" src=\"https:\/\/fbnl-eco.de\/wp-content\/uploads\/2015\/10\/p_kurz_7-150x150.jpg\" alt=\"p_kurz_7\" width=\"165\" height=\"124\" srcset=\"https:\/\/fbnl-eco.de\/wp-content\/uploads\/2015\/10\/p_kurz_7-300x226.jpg 300w, https:\/\/fbnl-eco.de\/wp-content\/uploads\/2015\/10\/p_kurz_7-624x469.jpg 624w, https:\/\/fbnl-eco.de\/wp-content\/uploads\/2015\/10\/p_kurz_7.jpg 1000w\" sizes=\"auto, (max-width: 165px) 100vw, 165px\" \/> <img loading=\"lazy\" decoding=\"async\" class=\"alignnone wp-image-143\" src=\"https:\/\/fbnl-eco.de\/wp-content\/uploads\/2015\/10\/p_kurz_8-150x150.jpg\" alt=\"p_kurz_8\" width=\"165\" height=\"124\" srcset=\"https:\/\/fbnl-eco.de\/wp-content\/uploads\/2015\/10\/p_kurz_8-300x226.jpg 300w, https:\/\/fbnl-eco.de\/wp-content\/uploads\/2015\/10\/p_kurz_8-624x469.jpg 624w, https:\/\/fbnl-eco.de\/wp-content\/uploads\/2015\/10\/p_kurz_8.jpg 1000w\" sizes=\"auto, (max-width: 165px) 100vw, 165px\" \/><\/p>\n<p><a href=\"https:\/\/fbnl-eco.de\/wp-content\/uploads\/2015\/10\/kurz_3.jpg\" target=\"_blank\"><img loading=\"lazy\" decoding=\"async\" class=\"alignleft wp-image-134\" src=\"https:\/\/fbnl-eco.de\/wp-content\/uploads\/2015\/10\/kurz_3-1024x768.jpg\" alt=\"Bilder einer Vegetationsentwicklung nach Deichbruch\" width=\"600\" height=\"450\" srcset=\"https:\/\/fbnl-eco.de\/wp-content\/uploads\/2015\/10\/kurz_3-1024x768.jpg 1024w, https:\/\/fbnl-eco.de\/wp-content\/uploads\/2015\/10\/kurz_3-300x225.jpg 300w, https:\/\/fbnl-eco.de\/wp-content\/uploads\/2015\/10\/kurz_3-624x468.jpg 624w, https:\/\/fbnl-eco.de\/wp-content\/uploads\/2015\/10\/kurz_3.jpg 1417w\" sizes=\"auto, (max-width: 600px) 100vw, 600px\" \/><\/a><\/p>\n<h5>Fotos \u00a9 von Ulrich Klausnitzer<\/h5>\n<p>&nbsp;<\/p>\n<h3>Phytosociological description of forest stands on hardwood floodplain sites<\/h3>\n<p>By the example of the ground vegetation of selected forest sites in the Elbe floodplain area a contribution was elaborated regarding the site- and phyto-ecological description and differentiation of the phytocoenoses of different expressions of the floodplain forest ecosystems. The study areas of the partial project are located on the Elbe starting from the contributory Mulde up to the Saale confluence, thus exceeding the range of the actual area investigated within the framework of the entire project.<\/p>\n<p>To determine the abiotic factors, by which structure and dynamics of ground vegetation are markedly influenced, data surveys were conducted regarding the hydrological regime, the ground relief, the soil and the light relations. The vegetation surveys were performed according to the method of BRAUN-BLANQUET.<\/p>\n<p>The vegetation analysis by means of phytosociological tabular work and its evaluation, implying multivariate methods, resulted in very similar types of vegetation regarding the basic species of ground vegetation in the study areas, representing different formations (AF) of the Querco-Ulmetum hardwood floodplain forest (Querco-Ulmetum ISSLER 1924). Differentiations can be mainly derived due to site differences in the ground vegetation that are attributable to the water regime.<\/p>\n<p>For linking the phytosociological with the site data, the formations of Querco-Ulmetum derived from the phytosociological analysis were related to the ground level cumulative frequency curves computed on the basis of relief leveling. The &#8222;low-lying hardwood floodplain&#8220;, i.e. sites of the Phalaris arundinacea Querco-Ulmetum, are flooded on average for 15 days, while the &#8222;high-lying hardwood floodplain&#8220; with the Stellaria holostea formation of the Querco-Ulmetum is flooded on average for a maximally 2 days in the growing season (computed from the mean value of 100 years). The &#8220; medium hardwood floodplain&#8220; is flooded for 9 days in the growing season, referring to the average over many years.<\/p>\n<p>The results of the partial project of site and phytosociological description and differentiation of the Querco-Ulmetum forests (Querco-Ulmetum ISSLER 1924) in the hardwood floodplain of the middle reaches of Elbe verify the decisive importance of the site factor water for the existence and formation of various expressions of the ecosystem type hardwood floodplain forests. By linking the site with the phytosociological data the relationship between water regime and vegetation is underlined. It is only by producing ground level cumulative frequency curves, that the relationships between the concrete expression of vegetation and the water regime can be elaborated. These recognitions are not only meaningful for understanding and evaluating the actual situation but likewise for assessment of potential sites of hardwood floodplain forests or success of planned restoration measures. In this regard further research is required in fact, e.g. for exploring the dynamics of the vegetation of hardwood floodplain forests in the entire middle and east German region, and with respect to the potential risk these unique forest ecosystems are exposed due to changes in the water regime. Given the planning (still underway) of engineering measures along the watercourses, further knowledge appears to be obligatory, concerning the vegetation ecology of these forests adapted to and depending on alternating water levels.<\/p>\n","protected":false},"excerpt":{"rendered":"<p>Am Beispiel der Bodenvegetation ausgew\u00e4hlter Waldbest\u00e4nde im Elbeauengebiet wurde ein Beitrag zur standorts- und vegetations\u00f6kologischen Kennzeichnung und Differenzierung der Phytoz\u00f6nosen unterschiedlicher Auspr\u00e4gungen der Auenwald\u00f6kosysteme geleistet. Die Untersuchungsgebiete des Teilprojektes erstreckten sich an der Elbe von der Mulde- bis zur Saalem\u00fcndung. Um die abiotischen Faktoren zu ermitteln, von denen Struktur und Dynamik der Bodenvegetation entscheidend beeinflusst [&hellip;]<\/p>\n","protected":false},"author":1,"featured_media":0,"parent":0,"menu_order":0,"comment_status":"closed","ping_status":"closed","template":"","meta":{"footnotes":""},"class_list":["post-150","page","type-page","status-publish","hentry"],"_links":{"self":[{"href":"https:\/\/fbnl-eco.de\/index.php?rest_route=\/wp\/v2\/pages\/150","targetHints":{"allow":["GET"]}}],"collection":[{"href":"https:\/\/fbnl-eco.de\/index.php?rest_route=\/wp\/v2\/pages"}],"about":[{"href":"https:\/\/fbnl-eco.de\/index.php?rest_route=\/wp\/v2\/types\/page"}],"author":[{"embeddable":true,"href":"https:\/\/fbnl-eco.de\/index.php?rest_route=\/wp\/v2\/users\/1"}],"replies":[{"embeddable":true,"href":"https:\/\/fbnl-eco.de\/index.php?rest_route=%2Fwp%2Fv2%2Fcomments&post=150"}],"version-history":[{"count":5,"href":"https:\/\/fbnl-eco.de\/index.php?rest_route=\/wp\/v2\/pages\/150\/revisions"}],"predecessor-version":[{"id":162,"href":"https:\/\/fbnl-eco.de\/index.php?rest_route=\/wp\/v2\/pages\/150\/revisions\/162"}],"wp:attachment":[{"href":"https:\/\/fbnl-eco.de\/index.php?rest_route=%2Fwp%2Fv2%2Fmedia&parent=150"}],"curies":[{"name":"wp","href":"https:\/\/api.w.org\/{rel}","templated":true}]}}