{"id":130,"date":"2015-10-29T16:25:07","date_gmt":"2015-10-29T15:25:07","guid":{"rendered":"http:\/\/fbnl-eco.de\/?page_id=130"},"modified":"2015-10-29T17:41:30","modified_gmt":"2015-10-29T16:41:30","slug":"oekologische-voruntersuchung-an-der-elbe-von-der-grenze-zur-cr-bis-tangermuende","status":"publish","type":"page","link":"https:\/\/fbnl-eco.de\/?page_id=130","title":{"rendered":"\u00d6kologische Voruntersuchung an der Elbe von der Grenze zur CR bis Tangerm\u00fcnde"},"content":{"rendered":"<p>Die in den Jahren 1993 bis 1995 durchgef\u00fchrten Gel\u00e4ndeerhebungen in der Elbaue dienten dazu, einen Einblick in die \u00f6kologischen Funktionszusammenh\u00e4nge zwischen Standort und Lebensgemeinschaften im Mittellauf der Elbe zu gewinnen.<\/p>\n<p>Das Untersuchungsgebiet erstreckte sich entlang der Elbe von der Grenze zur Tschechischen Republik bis Tangerm\u00fcnde, und zwar beidseitig des Stromes auf den von Wasserstandsschwankungen der Elbe beeinflussten Fl\u00e4chen. Von Bedeutung f\u00fcr die Studie waren auch die Elbseitenfl\u00fcsse mit ihren ebenfalls wertvollen Auenbereichen (besonders Schwarze Elster, Mulde, Saale).<\/p>\n<p>Es erfolgte die Erarbeitung eines \u00dcberblickes \u00fcber die floristische, vegetationskundliche und faunistische Ausstattung durch Literaturauswertung sowie die Erfassung aktueller Zust\u00e4nde durch Untersuchungen in Vorranggebieten.<br \/>\nZur Charakterisierung des Einflusses der Wasserstandsdynamik (Wechsel von Hoch- bis Niedrigwasser) der Elbe auf die Zonierung ausgew\u00e4hlter Pflanzengemeinschaften bzw. Pflanzen- und Tierarten wurden in den Jahren 1993 bis 1995 zielorientiert floristisch-vegetationskundliche und \u00f6kofaunistische Daten erfasst. Ebenfalls waren Nivellements von Boden- und Pflockh\u00f6hen bestimmter Vegetationsfl\u00e4chen, Gel\u00e4ndeprofile und Hilfsmessstellen sowie anderer Bezugspunkte erforderlich.<\/p>\n<p><u>Durchf\u00fchrung:<\/u> Dipl.-Agraring. Ulrich Klausnitzer (Bearbeitung Teilthema Vegetation, Beziehungen zwischen Wasserhaushalt und Standort bzw. Vegetation, Gesamtkoordination) am Lehrstuhl f\u00fcr Landeskultur und Naturschutz (Projektleiter Prof. Dr. P. A. Schmidt), Institut f\u00fcr Allgemeine \u00d6kologie und Umweltschutz, TU Dresden, Fachrichtung Forstwissenschaften, Tharandt);<br \/>\n<u>Partnerschaft:<\/u> Lehrgebiet Tier\u00f6kologie (Prof. Dr. B. Gerken), Universit\u00e4t-Gesamthochschule Paderborn, Abteilung H\u00f6xter und Umweltinstitut H\u00f6xter (Dipl.-Ing (FH) Landespflege M. Buschmann, Dipl.-Ing (FH) Landespflege B. Schackers); Wissenschaftler aus Sachsen-Anhalt und Sachsen arbeiten im Gel\u00e4nde mit: U. Eichst\u00e4dt, D. Heidecke, I. &amp; H. Jage, T. Karisch, B. Klausnitzer, V. Neumann, P. Sacher, F. Tietze;<br \/>\n<u>Auftraggeber:<\/u> Bundesamt f\u00fcr Naturschutz (Fachbetreuer Dr. A. Henrichfreise), mit Mitteln des Bundesministeriums f\u00fcr Umwelt, Naturschutz und Reaktorsicherheit.<\/p>\n<p><img loading=\"lazy\" decoding=\"async\" class=\"alignnone wp-image-140\" src=\"https:\/\/fbnl-eco.de\/wp-content\/uploads\/2015\/10\/p_kurz_5-226x300.jpg\" alt=\"\" width=\"155\" height=\"206\" srcset=\"https:\/\/fbnl-eco.de\/wp-content\/uploads\/2015\/10\/p_kurz_5-226x300.jpg 226w, https:\/\/fbnl-eco.de\/wp-content\/uploads\/2015\/10\/p_kurz_5-624x830.jpg 624w, https:\/\/fbnl-eco.de\/wp-content\/uploads\/2015\/10\/p_kurz_5.jpg 752w\" sizes=\"auto, (max-width: 155px) 100vw, 155px\" \/> <img loading=\"lazy\" decoding=\"async\" class=\"alignnone wp-image-139\" src=\"https:\/\/fbnl-eco.de\/wp-content\/uploads\/2015\/10\/p_kurz_4-226x300.jpg\" alt=\"\" width=\"155\" height=\"206\" srcset=\"https:\/\/fbnl-eco.de\/wp-content\/uploads\/2015\/10\/p_kurz_4-226x300.jpg 226w, https:\/\/fbnl-eco.de\/wp-content\/uploads\/2015\/10\/p_kurz_4-624x830.jpg 624w, https:\/\/fbnl-eco.de\/wp-content\/uploads\/2015\/10\/p_kurz_4.jpg 752w\" sizes=\"auto, (max-width: 155px) 100vw, 155px\" \/> <img loading=\"lazy\" decoding=\"async\" class=\"alignnone wp-image-138\" src=\"https:\/\/fbnl-eco.de\/wp-content\/uploads\/2015\/10\/p_kurz_3-226x300.jpg\" alt=\"\" width=\"155\" height=\"206\" srcset=\"https:\/\/fbnl-eco.de\/wp-content\/uploads\/2015\/10\/p_kurz_3-226x300.jpg 226w, https:\/\/fbnl-eco.de\/wp-content\/uploads\/2015\/10\/p_kurz_3-624x830.jpg 624w, https:\/\/fbnl-eco.de\/wp-content\/uploads\/2015\/10\/p_kurz_3.jpg 752w\" sizes=\"auto, (max-width: 155px) 100vw, 155px\" \/><\/p>\n<h5>Fotos \u00a9 von Ulrich Klausnitzer<\/h5>\n<p><a href=\"https:\/\/fbnl-eco.de\/wp-content\/uploads\/2015\/10\/kurz_2.jpg\" target=\"_blank\"><img loading=\"lazy\" decoding=\"async\" class=\"alignleft wp-image-133 size-medium\" src=\"https:\/\/fbnl-eco.de\/wp-content\/uploads\/2015\/10\/kurz_2-300x300.jpg\" alt=\"Poster zum Thema\" width=\"300\" height=\"300\" srcset=\"https:\/\/fbnl-eco.de\/wp-content\/uploads\/2015\/10\/kurz_2-300x300.jpg 300w, https:\/\/fbnl-eco.de\/wp-content\/uploads\/2015\/10\/kurz_2-150x150.jpg 150w, https:\/\/fbnl-eco.de\/wp-content\/uploads\/2015\/10\/kurz_2-1024x1024.jpg 1024w, https:\/\/fbnl-eco.de\/wp-content\/uploads\/2015\/10\/kurz_2-624x624.jpg 624w, https:\/\/fbnl-eco.de\/wp-content\/uploads\/2015\/10\/kurz_2.jpg 1417w\" sizes=\"auto, (max-width: 300px) 100vw, 300px\" \/><\/a><\/p>\n","protected":false},"excerpt":{"rendered":"<p>Die in den Jahren 1993 bis 1995 durchgef\u00fchrten Gel\u00e4ndeerhebungen in der Elbaue dienten dazu, einen Einblick in die \u00f6kologischen Funktionszusammenh\u00e4nge zwischen Standort und Lebensgemeinschaften im Mittellauf der Elbe zu gewinnen. Das Untersuchungsgebiet erstreckte sich entlang der Elbe von der Grenze zur Tschechischen Republik bis Tangerm\u00fcnde, und zwar beidseitig des Stromes auf den von Wasserstandsschwankungen der [&hellip;]<\/p>\n","protected":false},"author":1,"featured_media":0,"parent":0,"menu_order":0,"comment_status":"closed","ping_status":"closed","template":"","meta":{"footnotes":""},"class_list":["post-130","page","type-page","status-publish","hentry"],"_links":{"self":[{"href":"https:\/\/fbnl-eco.de\/index.php?rest_route=\/wp\/v2\/pages\/130","targetHints":{"allow":["GET"]}}],"collection":[{"href":"https:\/\/fbnl-eco.de\/index.php?rest_route=\/wp\/v2\/pages"}],"about":[{"href":"https:\/\/fbnl-eco.de\/index.php?rest_route=\/wp\/v2\/types\/page"}],"author":[{"embeddable":true,"href":"https:\/\/fbnl-eco.de\/index.php?rest_route=\/wp\/v2\/users\/1"}],"replies":[{"embeddable":true,"href":"https:\/\/fbnl-eco.de\/index.php?rest_route=%2Fwp%2Fv2%2Fcomments&post=130"}],"version-history":[{"count":8,"href":"https:\/\/fbnl-eco.de\/index.php?rest_route=\/wp\/v2\/pages\/130\/revisions"}],"predecessor-version":[{"id":164,"href":"https:\/\/fbnl-eco.de\/index.php?rest_route=\/wp\/v2\/pages\/130\/revisions\/164"}],"wp:attachment":[{"href":"https:\/\/fbnl-eco.de\/index.php?rest_route=%2Fwp%2Fv2%2Fmedia&parent=130"}],"curies":[{"name":"wp","href":"https:\/\/api.w.org\/{rel}","templated":true}]}}